{"id":3,"date":"2021-03-06T13:45:21","date_gmt":"2021-03-06T13:45:21","guid":{"rendered":"https:\/\/fortunascooter.com\/?page_id=3"},"modified":"2025-05-09T18:25:21","modified_gmt":"2025-05-09T15:25:21","slug":"privacy-policy","status":"publish","type":"page","link":"https:\/\/fortunascooter.com\/it\/privacy-policy\/","title":{"rendered":"Politica sulla privacy"},"content":{"rendered":"<div data-elementor-type=\"wp-page\" data-elementor-id=\"3\" class=\"elementor elementor-3\" data-elementor-post-type=\"page\">\n\t\t\t\t\t\t<section class=\"elementor-section elementor-top-section elementor-element elementor-element-58cbe47d elementor-section-boxed elementor-section-height-default elementor-section-height-default\" data-id=\"58cbe47d\" data-element_type=\"section\" data-e-type=\"section\">\n\t\t\t\t\t\t<div class=\"elementor-container elementor-column-gap-default\">\n\t\t\t\t\t<div class=\"elementor-column elementor-col-100 elementor-top-column elementor-element elementor-element-2b4392d9\" data-id=\"2b4392d9\" data-element_type=\"column\" data-e-type=\"column\">\n\t\t\t<div class=\"elementor-widget-wrap elementor-element-populated\">\n\t\t\t\t\t\t<div class=\"elementor-element elementor-element-633eb67 elementor-widget elementor-widget-text-editor\" data-id=\"633eb67\" data-element_type=\"widget\" data-e-type=\"widget\" data-widget_type=\"text-editor.default\">\n\t\t\t\t<div class=\"elementor-widget-container\">\n\t\t\t\t\t\t\t\t\t<p>Fortunos (\"noi\", \"ci\" o \"nostro\") gestisce il sito web https:\/\/fortunascooter.com (il \"Servizio\") come motore di prenotazione.<\/p>\n<p>Questa pagina informa l'utente sulle nostre politiche relative alla raccolta, all'uso e alla divulgazione dei dati personali quando utilizza il nostro Servizio e sulle scelte che l'utente ha associato a tali dati.<\/p>\n<p>Utilizziamo i vostri dati per fornire e migliorare il Servizio. Utilizzando il Servizio, l'utente accetta la raccolta e l'utilizzo delle informazioni in conformit\u00e0 con la presente informativa. Se non diversamente definito nella presente Informativa sulla privacy, i termini utilizzati nella presente Informativa sulla privacy hanno lo stesso significato dei nostri Termini e condizioni, accessibili da www.fortunascooter.com.<\/p>\n<p>Raccolta e utilizzo delle informazioni<\/p>\n<p>Raccogliamo diversi tipi di informazioni per vari scopi, al fine di fornire e migliorare il nostro servizio all'utente.<\/p>\n<p>Tipi di dati raccolti<\/p>\n<p>Dati personali<\/p>\n<p>Durante l'utilizzo del nostro Servizio, potremmo chiedervi di fornirci alcune informazioni di identificazione personale che possono essere utilizzate per contattarvi o identificarvi (\"Dati personali\"). Le informazioni di identificazione personale possono includere, a titolo esemplificativo ma non esaustivo:<\/p>\n<ul>\n<li>Indirizzo e-mail<\/li>\n<li>Nome e cognome<\/li>\n<li>Indirizzo, Stato, Provincia, CAP, Citt\u00e0<\/li>\n<li>Cookie e dati di utilizzo<\/li>\n<\/ul>\n<p>Dati di utilizzo<\/p>\n<p>Possiamo anche raccogliere informazioni sulle modalit\u00e0 di accesso e utilizzo del Servizio (\"Dati di utilizzo\"). Questi Dati di utilizzo possono includere informazioni quali l'indirizzo del protocollo Internet del vostro computer (ad esempio, l'indirizzo IP), il tipo di browser, la versione del browser, le pagine del nostro Servizio che visitate, l'ora e la data della vostra visita, il tempo trascorso su tali pagine, gli identificatori unici del dispositivo e altri dati diagnostici.<\/p>\n<p>Dati di tracciamento e cookie<\/p>\n<p>Utilizziamo cookie e tecnologie di tracciamento simili per monitorare l'attivit\u00e0 sul nostro Servizio e conservare determinate informazioni.<\/p>\n<p>I cookie sono file contenenti una piccola quantit\u00e0 di dati che possono includere un identificatore unico anonimo. I cookie vengono inviati al vostro browser da un sito web e memorizzati sul vostro dispositivo. Le tecnologie di tracciamento utilizzate sono anche beacon, tag e script per raccogliere e tracciare informazioni e per migliorare e analizzare il nostro Servizio.<\/p>\n<p>L'utente pu\u00f2 indicare al proprio browser di rifiutare tutti i cookie o di segnalare l'invio di un cookie. Tuttavia, se non accettate i cookie, potreste non essere in grado di utilizzare alcune parti del nostro Servizio.<\/p>\n<p>Esempi di cookie che utilizziamo:<\/p>\n<ul>\n<li>Cookie di sessione. Utilizziamo i cookie di sessione per far funzionare il nostro Servizio.<\/li>\n<li>Cookie di preferenza. Utilizziamo i cookie di preferenza per ricordare le preferenze e le varie impostazioni dell'utente.<\/li>\n<li>Cookie di sicurezza. Utilizziamo i cookie di sicurezza per scopi di sicurezza.<\/li>\n<\/ul>\n<p>Utilizzo dei dati<\/p>\n<p>Fortunos utilizza i dati raccolti per vari scopi:<\/p>\n<ul>\n<li>Fornire e mantenere il Servizio<\/li>\n<li>Per notificare all'utente le modifiche apportate al nostro Servizio<\/li>\n<li>Per consentire all'utente di partecipare alle funzioni interattive del nostro Servizio quando sceglie di farlo<\/li>\n<li>Fornire assistenza e supporto ai clienti<\/li>\n<li>Fornire analisi o informazioni preziose per migliorare il Servizio.<\/li>\n<li>Per monitorare l'utilizzo del Servizio<\/li>\n<li>Rilevare, prevenire e risolvere i problemi tecnici<\/li>\n<\/ul>\n<p>Chi del nostro team ha accesso<\/p>\n<p>I membri del nostro team hanno accesso alle informazioni fornite dall'utente. Ad esempio, sia gli amministratori che i gestori dei negozi possono accedere a: informazioni sull'ordine, come i prodotti acquistati, la data di acquisto e il luogo di spedizione, e informazioni sul cliente, come il nome, l'indirizzo e-mail e i dati di fatturazione e spedizione. I membri del nostro team hanno accesso a queste informazioni per contribuire all'evasione degli ordini, all'elaborazione dei rimborsi e all'assistenza.<\/p>\n<p>Trasferimento dei dati<\/p>\n<p>Le vostre informazioni, compresi i Dati personali, possono essere trasferite a - e mantenute su - computer situati al di fuori del vostro stato, provincia, paese o altra giurisdizione governativa in cui le leggi sulla protezione dei dati possono differire da quelle della vostra giurisdizione.<\/p>\n<p>Se vi trovate al di fuori della Lituania e decidete di fornirci informazioni, vi preghiamo di notare che trasferiamo i dati, compresi i dati personali, in Lituania e li trattiamo l\u00ec.<\/p>\n<p>Il consenso alla presente Informativa sulla privacy seguito dall'invio di tali informazioni rappresenta l'accettazione di tale trasferimento.<\/p>\n<p>Fortunos adotter\u00e0 tutte le misure ragionevolmente necessarie per garantire che i vostri dati siano trattati in modo sicuro e in conformit\u00e0 con la presente Informativa sulla privacy e nessun trasferimento dei vostri dati personali avverr\u00e0 a un'organizzazione o a un paese a meno che non vi siano controlli adeguati in atto, compresa la sicurezza dei vostri dati e altre informazioni personali.<\/p>\n<p>Divulgazione dei dati<\/p>\n<p>Requisiti legali<\/p>\n<p>Fortunos pu\u00f2 divulgare i vostri dati personali ritenendo in buona fede che tale azione sia necessaria per:<\/p>\n<ul>\n<li>Per adempiere a un obbligo legale<\/li>\n<li>Per proteggere e difendere i diritti o la propriet\u00e0 di Fortunos\u00a0<\/li>\n<li>Per prevenire o indagare su eventuali illeciti in relazione al Servizio<\/li>\n<li>Per proteggere la sicurezza personale degli utenti del Servizio o del pubblico<\/li>\n<li>Per tutelarsi dalla responsabilit\u00e0 legale<\/li>\n<\/ul>\n<p>Sicurezza dei dati<\/p>\n<p>La sicurezza dei vostri dati \u00e8 importante per noi, ma ricordate che nessun metodo di trasmissione su Internet o di archiviazione elettronica \u00e8 100% sicuro. Sebbene ci sforziamo di utilizzare mezzi commercialmente accettabili per proteggere i vostri dati personali, non possiamo garantirne l'assoluta sicurezza.<\/p>\n<p>Fornitori di servizi<\/p>\n<p>Possiamo impiegare societ\u00e0 e individui terzi per facilitare il nostro Servizio (\"Fornitori di servizi\"), per fornire il Servizio per nostro conto, per eseguire servizi correlati al Servizio o per assisterci nell'analisi dell'utilizzo del nostro Servizio.<\/p>\n<p>Queste terze parti hanno accesso ai vostri dati personali solo per svolgere questi compiti per nostro conto e sono obbligate a non rivelarli o utilizzarli per qualsiasi altro scopo.<\/p>\n<p>Analisi<\/p>\n<p>Possiamo utilizzare fornitori di servizi terzi per monitorare e analizzare l'uso del nostro Servizio.<\/p>\n<ul>\n<li>Google AnalyticsGoogle Analytics \u00e8 un servizio di analisi web offerto da Google che traccia e riporta il traffico del sito web. Google utilizza i dati raccolti per tracciare e monitorare l'utilizzo del nostro Servizio. Questi dati vengono condivisi con altri servizi di Google. Google pu\u00f2 utilizzare i dati raccolti per contestualizzare e personalizzare gli annunci della propria rete pubblicitaria. \u00c8 possibile rinunciare a rendere disponibile la propria attivit\u00e0 sul Servizio a Google Analytics installando il componente aggiuntivo del browser Google Analytics. Il componente aggiuntivo impedisce ai JavaScript di Google Analytics (ga.js, analytics.js e dc.js) di condividere con Google Analytics le informazioni sulle attivit\u00e0 delle visite.Per ulteriori informazioni sulle pratiche di Google in materia di privacy, visitare la pagina web di Google Privacy &amp; Terms:\u00a0<a href=\"https:\/\/policies.google.com\/privacy?hl=en\" target=\"_blank\" rel=\"noopener\">https:\/\/policies.google.com\/privacy?hl=en<\/a><\/li>\n<\/ul>\n<p>Interazione con reti e piattaforme sociali esterne<\/p>\n<p>Questo tipo di servizi permette di interagire con i social network o con altre piattaforme esterne direttamente dalle pagine di questa Applicazione.<br \/>L'interazione e le informazioni ottenute tramite questa Applicazione sono sempre soggette alle impostazioni sulla privacy dell'Utente per ciascun social network.<br \/>Questo tipo di servizio potrebbe continuare a raccogliere dati sul traffico nelle pagine in cui \u00e8 installato il servizio, anche quando gli Utenti non lo utilizzano.<\/p>\n<ul>\n<li>Pulsante \"Mi piace\" di Facebook e widget sociali (Facebook, Inc.)<\/li>\n<\/ul>\n<p>Il pulsante \"Mi piace\" e i widget sociali di Facebook sono servizi che consentono l'interazione con il social network Facebook, forniti da Facebook, Inc. Dati personali raccolti: Cookie e Dati di utilizzo. Luogo del trattamento: Stati Uniti -\u00a0<a href=\"https:\/\/www.facebook.com\/privacy\/explanation\" target=\"_blank\" rel=\"noopener\">Politica sulla privacy<\/a>. Partecipante al Privacy Shield.<\/p>\n<ul>\n<li>Accesso all'account Facebook (questa Applicazione)<\/li>\n<\/ul>\n<p>Questo servizio permette a questa Applicazione di connettersi con l'account dell'Utente sul social network Facebook, fornito da Facebook, Inc. Permessi richiesti: Email di contatto. Luogo di trattamento: Stati Uniti -\u00a0<a href=\"https:\/\/www.facebook.com\/policy.php\" target=\"_blank\" rel=\"noopener\">Politica sulla privacy<\/a>.<\/p>\n<ul>\n<li>Pulsante Google+ +1 e widget sociali (Google LLC)<\/li>\n<\/ul>\n<p>Il pulsante Google+ +1 e i widget sociali sono servizi che consentono l'interazione con il social network Google+, forniti da Google LLC. Dati Personali raccolti: Cookie e Dati di utilizzo. Luogo del trattamento: Stati Uniti -\u00a0<a href=\"https:\/\/policies.google.com\/privacy\" target=\"_blank\" rel=\"noopener\">Politica sulla privacy<\/a>.<\/p>\n<ul>\n<li>Pulsante Twitter Tweet e widget sociali (Twitter, Inc.)<\/li>\n<\/ul>\n<p>Il pulsante Tweet e i widget sociali di Twitter sono servizi che consentono l'interazione con il social network Twitter, forniti da Twitter, Inc. Dati personali raccolti: Cookie e Dati di utilizzo. Luogo del trattamento: Stati Uniti -\u00a0<a href=\"https:\/\/twitter.com\/privacy\" target=\"_blank\" rel=\"noopener\">Politica sulla privacy<\/a>.<\/p>\n<ul>\n<li>Pulsante \"Pin it\" di Pinterest e widget sociali (Pinterest)<\/li>\n<\/ul>\n<p>Il pulsante \"Pin it\" e i widget sociali di Pinterest sono servizi che consentono l'interazione con la piattaforma Pinterest forniti da Pinterest Inc. Dati personali raccolti: Cookie e Dati di utilizzo. Luogo del trattamento: Stati Uniti -\u00a0<a href=\"https:\/\/about.pinterest.com\/en\/privacy-policy\" target=\"_blank\" rel=\"noopener\">Politica sulla privacy<\/a>.<\/p>\n<ul>\n<li>Modulo di contatto (questa Applicazione)<\/li>\n<\/ul>\n<p>L'Utente, compilando con i propri Dati il modulo di contatto, autorizza questa Applicazione ad utilizzarli per rispondere alle richieste di informazioni, di preventivo o di qualunque altra natura indicata dall'intestazione del modulo. Dati Personali raccolti: indirizzo email, nome, cognome e numero di telefono.<\/p>\n<ul>\n<li>PayPal<\/li>\n<\/ul>\n<p>Accettiamo pagamenti tramite PayPal. Durante l'elaborazione dei pagamenti, alcuni dati dell'utente vengono trasmessi a PayPal, comprese le informazioni necessarie per elaborare o supportare il pagamento, come il totale dell'acquisto e i dati di fatturazione.<\/p>\n<p>Consultare il sito PayPal\u00a0<a href=\"https:\/\/www.paypal.com\/au\/webapps\/mpp\/ua\/privacy-full\" target=\"_blank\" rel=\"noopener\">Politica sulla privacy<\/a>\u00a0per maggiori dettagli.<\/p>\n<p>Link ad altri siti<\/p>\n<p>Il nostro Servizio pu\u00f2 contenere link ad altri siti non gestiti da noi. Se si fa clic su un link di terzi, si viene indirizzati al sito di tali terzi. Vi consigliamo vivamente di prendere visione dell'Informativa sulla privacy di ogni sito che visitate.<\/p>\n<p>Non abbiamo alcun controllo e non ci assumiamo alcuna responsabilit\u00e0 per il contenuto, le politiche sulla privacy o le pratiche di siti o servizi di terzi.<\/p>\n<p>Privacy dei bambini<\/p>\n<p>Il nostro Servizio non si rivolge a persone di et\u00e0 inferiore ai 18 anni (\"Bambini\").<\/p>\n<p>Non raccogliamo consapevolmente informazioni di identificazione personale da persone di et\u00e0 inferiore ai 18 anni. Se siete un genitore o un tutore e siete a conoscenza del fatto che i vostri figli ci hanno fornito dati personali, vi preghiamo di contattarci. Se veniamo a conoscenza di aver raccolto dati personali da bambini senza aver verificato il consenso dei genitori, ci attiviamo per rimuovere tali informazioni dai nostri server.<\/p>\n<p>Modifiche alla presente Informativa sulla privacy<\/p>\n<p>Possiamo aggiornare la nostra Informativa sulla privacy di tanto in tanto. Vi informeremo di eventuali modifiche pubblicando la nuova Informativa sulla privacy su questa pagina.<\/p>\n<p>Vi informeremo via e-mail e\/o con un avviso ben visibile sul nostro Servizio, prima che la modifica diventi effettiva e aggiorneremo la \"data di entrata in vigore\" all'inizio della presente Informativa sulla privacy.<\/p>\n<p>Si consiglia di rivedere periodicamente la presente Informativa sulla privacy per eventuali modifiche. Le modifiche alla presente Informativa sulla privacy entrano in vigore nel momento in cui vengono pubblicate su questa pagina.<\/p>\n<p>Contatto<\/p>\n<p>In caso di domande sulla presente Informativa sulla privacy, si prega di contattarci:<\/p>\n<ul>\n<li>Tramite modulo di contatto:\u00a0<a href=\"\/contact-faqs\/\">Contatto<\/a><\/li>\n<\/ul>\t\t\t\t\t\t\t\t<\/div>\n\t\t\t\t<\/div>\n\t\t\t\t\t<\/div>\n\t\t<\/div>\n\t\t\t\t\t<\/div>\n\t\t<\/section>\n\t\t\t\t<\/div>","protected":false},"excerpt":{"rendered":"<p>Fortunos (\"noi\", \"ci\" o \"nostro\") gestisce il sito web https:\/\/fortunascooter.com (il \"Servizio\") come motore di prenotazione. Questa pagina vi informa sulle nostre politiche relative alla raccolta, all'utilizzo e alla divulgazione dei dati personali quando utilizzate il nostro Servizio e sulle scelte che...<\/p>","protected":false},"author":1,"featured_media":0,"parent":0,"menu_order":0,"comment_status":"closed","ping_status":"open","template":"","meta":{"footnotes":""},"class_list":["post-3","page","type-page","status-publish","hentry"],"_links":{"self":[{"href":"https:\/\/fortunascooter.com\/it\/wp-json\/wp\/v2\/pages\/3","targetHints":{"allow":["GET"]}}],"collection":[{"href":"https:\/\/fortunascooter.com\/it\/wp-json\/wp\/v2\/pages"}],"about":[{"href":"https:\/\/fortunascooter.com\/it\/wp-json\/wp\/v2\/types\/page"}],"author":[{"embeddable":true,"href":"https:\/\/fortunascooter.com\/it\/wp-json\/wp\/v2\/users\/1"}],"replies":[{"embeddable":true,"href":"https:\/\/fortunascooter.com\/it\/wp-json\/wp\/v2\/comments?post=3"}],"version-history":[{"count":3,"href":"https:\/\/fortunascooter.com\/it\/wp-json\/wp\/v2\/pages\/3\/revisions"}],"predecessor-version":[{"id":10360,"href":"https:\/\/fortunascooter.com\/it\/wp-json\/wp\/v2\/pages\/3\/revisions\/10360"}],"wp:attachment":[{"href":"https:\/\/fortunascooter.com\/it\/wp-json\/wp\/v2\/media?parent=3"}],"curies":[{"name":"wp","href":"https:\/\/api.w.org\/{rel}","templated":true}]}}