{"id":3,"date":"2021-03-06T13:45:21","date_gmt":"2021-03-06T13:45:21","guid":{"rendered":"https:\/\/fortunascooter.com\/?page_id=3"},"modified":"2025-05-09T18:25:21","modified_gmt":"2025-05-09T15:25:21","slug":"privacy-policy","status":"publish","type":"page","link":"https:\/\/fortunascooter.com\/fr\/privacy-policy\/","title":{"rendered":"Politique de confidentialit\u00e9"},"content":{"rendered":"<div data-elementor-type=\"wp-page\" data-elementor-id=\"3\" class=\"elementor elementor-3\" data-elementor-post-type=\"page\">\n\t\t\t\t\t\t<section class=\"elementor-section elementor-top-section elementor-element elementor-element-58cbe47d elementor-section-boxed elementor-section-height-default elementor-section-height-default\" data-id=\"58cbe47d\" data-element_type=\"section\" data-e-type=\"section\">\n\t\t\t\t\t\t<div class=\"elementor-container elementor-column-gap-default\">\n\t\t\t\t\t<div class=\"elementor-column elementor-col-100 elementor-top-column elementor-element elementor-element-2b4392d9\" data-id=\"2b4392d9\" data-element_type=\"column\" data-e-type=\"column\">\n\t\t\t<div class=\"elementor-widget-wrap elementor-element-populated\">\n\t\t\t\t\t\t<div class=\"elementor-element elementor-element-633eb67 elementor-widget elementor-widget-text-editor\" data-id=\"633eb67\" data-element_type=\"widget\" data-e-type=\"widget\" data-widget_type=\"text-editor.default\">\n\t\t\t\t<div class=\"elementor-widget-container\">\n\t\t\t\t\t\t\t\t\t<p>Fortunos (\"nous\", \"nous\" ou \"notre\") exploite le site web https:\/\/fortunascooter.com (le \"Service\") en tant que moteur de r\u00e9servation.<\/p>\n<p>Cette page vous informe de nos politiques concernant la collecte, l'utilisation et la divulgation de donn\u00e9es personnelles lorsque vous utilisez notre service et des choix que vous avez associ\u00e9s \u00e0 ces donn\u00e9es.<\/p>\n<p>Nous utilisons vos donn\u00e9es pour fournir et am\u00e9liorer le service. En utilisant le service, vous acceptez la collecte et l'utilisation des informations conform\u00e9ment \u00e0 la pr\u00e9sente politique. Sauf d\u00e9finition contraire, les termes utilis\u00e9s dans la pr\u00e9sente politique de confidentialit\u00e9 ont la m\u00eame signification que dans nos conditions g\u00e9n\u00e9rales, accessibles \u00e0 l'adresse www.fortunascooter.com.<\/p>\n<p>Collecte et utilisation des informations<\/p>\n<p>Nous recueillons plusieurs types d'informations \u00e0 des fins diverses afin de vous fournir et d'am\u00e9liorer notre service.<\/p>\n<p>Types de donn\u00e9es collect\u00e9es<\/p>\n<p>Donn\u00e9es personnelles<\/p>\n<p>Lors de l'utilisation de notre service, nous pouvons vous demander de nous fournir certaines informations personnellement identifiables qui peuvent \u00eatre utilis\u00e9es pour vous contacter ou vous identifier (\"donn\u00e9es personnelles\"). Les donn\u00e9es personnelles identifiables peuvent inclure, sans s'y limiter, les \u00e9l\u00e9ments suivants :<\/p>\n<ul>\n<li>Adresse e-mail<\/li>\n<li>Pr\u00e9nom et nom de famille<\/li>\n<li>Adresse, \u00c9tat, Province, Code postal, Ville<\/li>\n<li>Cookies et donn\u00e9es d'utilisation<\/li>\n<\/ul>\n<p>Donn\u00e9es d'utilisation<\/p>\n<p>Nous pouvons \u00e9galement recueillir des informations sur l'acc\u00e8s au service et son utilisation (\"donn\u00e9es d'utilisation\"). Ces donn\u00e9es d'utilisation peuvent inclure des informations telles que l'adresse IP de votre ordinateur, le type et la version de votre navigateur, les pages de notre service que vous visitez, l'heure et la date de votre visite, le temps pass\u00e9 sur ces pages, les identifiants uniques de votre appareil et d'autres donn\u00e9es de diagnostic.<\/p>\n<p>Donn\u00e9es sur le suivi et les cookies<\/p>\n<p>Nous utilisons des cookies et des technologies de suivi similaires pour suivre l'activit\u00e9 sur notre service et conserver certaines informations.<\/p>\n<p>Les cookies sont des fichiers contenant une petite quantit\u00e9 de donn\u00e9es qui peuvent inclure un identifiant unique anonyme. Les cookies sont envoy\u00e9s \u00e0 votre navigateur par un site web et stock\u00e9s sur votre appareil. Les technologies de suivi \u00e9galement utilis\u00e9es sont les balises, les tags et les scripts pour collecter et suivre les informations et pour am\u00e9liorer et analyser notre service.<\/p>\n<p>Vous pouvez configurer votre navigateur pour qu'il refuse tous les cookies ou pour qu'il vous indique quand un cookie est envoy\u00e9. Toutefois, si vous n'acceptez pas les cookies, il se peut que vous ne puissiez pas utiliser certaines parties de notre service.<\/p>\n<p>Exemples de cookies que nous utilisons :<\/p>\n<ul>\n<li>Cookies de session. Nous utilisons des cookies de session pour faire fonctionner notre service.<\/li>\n<li>Cookies de pr\u00e9f\u00e9rence. Nous utilisons des cookies de pr\u00e9f\u00e9rence pour m\u00e9moriser vos pr\u00e9f\u00e9rences et divers param\u00e8tres.<\/li>\n<li>Cookies de s\u00e9curit\u00e9. Nous utilisons des cookies de s\u00e9curit\u00e9 \u00e0 des fins de s\u00e9curit\u00e9.<\/li>\n<\/ul>\n<p>Utilisation des donn\u00e9es<\/p>\n<p>Fortunos utilise les donn\u00e9es collect\u00e9es \u00e0 diverses fins :<\/p>\n<ul>\n<li>Fournir et maintenir le service<\/li>\n<li>Pour vous informer des changements apport\u00e9s \u00e0 notre service<\/li>\n<li>pour vous permettre de participer aux fonctions interactives de notre service lorsque vous le souhaitez<\/li>\n<li>Fournir un service d'assistance et de soutien \u00e0 la client\u00e8le<\/li>\n<li>Fournir des analyses ou des informations pr\u00e9cieuses afin que nous puissions am\u00e9liorer le service<\/li>\n<li>Contr\u00f4ler l'utilisation du service<\/li>\n<li>D\u00e9tecter, pr\u00e9venir et traiter les probl\u00e8mes techniques<\/li>\n<\/ul>\n<p>Qui, dans notre \u00e9quipe, a acc\u00e8s<\/p>\n<p>Les membres de notre \u00e9quipe ont acc\u00e8s aux informations que vous nous fournissez. Par exemple, les administrateurs et les responsables de boutique peuvent acc\u00e9der aux informations suivantes les informations relatives \u00e0 la commande, telles que le produit achet\u00e9, la date d'achat et l'adresse d'exp\u00e9dition, et les informations relatives au client, telles que votre nom, votre adresse \u00e9lectronique et vos coordonn\u00e9es de facturation et d'exp\u00e9dition. Les membres de notre \u00e9quipe ont acc\u00e8s \u00e0 ces informations afin de pouvoir honorer les commandes, proc\u00e9der aux remboursements et vous aider.<\/p>\n<p>Transfert de donn\u00e9es<\/p>\n<p>Vos informations, y compris les donn\u00e9es personnelles, peuvent \u00eatre transf\u00e9r\u00e9es et conserv\u00e9es sur des ordinateurs situ\u00e9s en dehors de votre \u00c9tat, province, pays ou autre juridiction gouvernementale o\u00f9 les lois sur la protection des donn\u00e9es peuvent diff\u00e9rer de celles de votre juridiction.<\/p>\n<p>Si vous \u00eates situ\u00e9 en dehors de la Lituanie et que vous choisissez de nous fournir des informations, veuillez noter que nous transf\u00e9rons les donn\u00e9es, y compris les donn\u00e9es \u00e0 caract\u00e8re personnel, vers la Lituanie et que nous les traitons dans ce pays.<\/p>\n<p>Votre consentement \u00e0 la pr\u00e9sente politique de protection de la vie priv\u00e9e suivi de votre soumission de ces informations repr\u00e9sente votre accord \u00e0 ce transfert.<\/p>\n<p>Fortunos prendra toutes les mesures raisonnablement n\u00e9cessaires pour s'assurer que vos donn\u00e9es sont trait\u00e9es en toute s\u00e9curit\u00e9 et conform\u00e9ment \u00e0 la pr\u00e9sente politique de confidentialit\u00e9 et aucun transfert de vos donn\u00e9es personnelles n'aura lieu vers une organisation ou un pays \u00e0 moins qu'il n'y ait des contr\u00f4les ad\u00e9quats en place, y compris la s\u00e9curit\u00e9 de vos donn\u00e9es et d'autres informations personnelles.<\/p>\n<p>Divulgation des donn\u00e9es<\/p>\n<p>Exigences l\u00e9gales<\/p>\n<p>Fortunos peut divulguer vos donn\u00e9es personnelles en croyant de bonne foi qu'une telle action est n\u00e9cessaire pour :<\/p>\n<ul>\n<li>Pour se conformer \u00e0 une obligation l\u00e9gale<\/li>\n<li>Prot\u00e9ger et d\u00e9fendre les droits ou la propri\u00e9t\u00e9 de Fortunos\u00a0<\/li>\n<li>pr\u00e9venir ou enqu\u00eater sur d'\u00e9ventuels actes r\u00e9pr\u00e9hensibles en rapport avec le service<\/li>\n<li>prot\u00e9ger la s\u00e9curit\u00e9 personnelle des utilisateurs du service ou du public<\/li>\n<li>Se prot\u00e9ger contre la responsabilit\u00e9 juridique<\/li>\n<\/ul>\n<p>S\u00e9curit\u00e9 des donn\u00e9es<\/p>\n<p>La s\u00e9curit\u00e9 de vos donn\u00e9es est importante pour nous, mais n'oubliez pas qu'aucune m\u00e9thode de transmission sur Internet ou de stockage \u00e9lectronique n'est s\u00fbre. Bien que nous nous efforcions d'utiliser des moyens commercialement acceptables pour prot\u00e9ger vos donn\u00e9es personnelles, nous ne pouvons pas garantir leur s\u00e9curit\u00e9 absolue.<\/p>\n<p>Prestataires de services<\/p>\n<p>Nous pouvons faire appel \u00e0 des soci\u00e9t\u00e9s et des personnes tierces pour faciliter notre service (\"fournisseurs de services\"), pour fournir le service en notre nom, pour fournir des services li\u00e9s au service ou pour nous aider \u00e0 analyser la mani\u00e8re dont notre service est utilis\u00e9.<\/p>\n<p>Ces tiers n'ont acc\u00e8s \u00e0 vos donn\u00e9es personnelles que pour effectuer ces t\u00e2ches en notre nom et sont tenus de ne pas les divulguer ou les utiliser \u00e0 d'autres fins.<\/p>\n<p>Analyse<\/p>\n<p>Nous pouvons faire appel \u00e0 des prestataires de services tiers pour contr\u00f4ler et analyser l'utilisation de notre service.<\/p>\n<ul>\n<li>Google AnalyticsGoogle Analytics est un service d'analyse du web offert par Google qui permet de suivre et de rapporter le trafic sur les sites web. Google utilise les donn\u00e9es collect\u00e9es pour suivre et contr\u00f4ler l'utilisation de notre service. Ces donn\u00e9es sont partag\u00e9es avec d'autres services de Google. Google peut utiliser les donn\u00e9es collect\u00e9es pour contextualiser et personnaliser les annonces de son propre r\u00e9seau publicitaire.Vous pouvez d\u00e9sactiver la mise \u00e0 disposition de votre activit\u00e9 sur le Service \u00e0 Google Analytics en installant le module compl\u00e9mentaire de navigateur pour la d\u00e9sactivation de Google Analytics. Le module compl\u00e9mentaire emp\u00eache le JavaScript de Google Analytics (ga.js, analytics.js et dc.js) de partager avec Google Analytics des informations sur l'activit\u00e9 des visiteurs.Pour plus d'informations sur les pratiques de Google en mati\u00e8re de confidentialit\u00e9, veuillez consulter la page Web de Google sur la confidentialit\u00e9 et les conditions d'utilisation :\u00a0<a href=\"https:\/\/policies.google.com\/privacy?hl=en\" target=\"_blank\" rel=\"noopener\">https:\/\/policies.google.com\/privacy?hl=en<\/a><\/li>\n<\/ul>\n<p>Interaction avec les r\u00e9seaux et plateformes sociaux externes<\/p>\n<p>Ce type de service permet d'interagir avec des r\u00e9seaux sociaux ou d'autres plateformes externes directement \u00e0 partir des pages de cette application.<br \/>L'interaction et les informations obtenues par le biais de cette application sont toujours soumises aux param\u00e8tres de confidentialit\u00e9 de l'utilisateur pour chaque r\u00e9seau social.<br \/>Ce type de service peut continuer \u00e0 collecter des donn\u00e9es sur le trafic pour les pages o\u00f9 le service est install\u00e9, m\u00eame si les utilisateurs ne l'utilisent pas.<\/p>\n<ul>\n<li>Bouton \"J'aime\" et widgets sociaux de Facebook (Facebook, Inc.)<\/li>\n<\/ul>\n<p>Le bouton \"J'aime\" de Facebook et les widgets sociaux sont des services permettant d'interagir avec le r\u00e9seau social Facebook fourni par Facebook, Inc. Donn\u00e9es personnelles collect\u00e9es : Cookies et donn\u00e9es d'utilisation. Lieu de traitement : \u00c9tats-Unis -\u00a0<a href=\"https:\/\/www.facebook.com\/privacy\/explanation\" target=\"_blank\" rel=\"noopener\">Politique de confidentialit\u00e9<\/a>. Participant au bouclier de protection de la vie priv\u00e9e.<\/p>\n<ul>\n<li>Acc\u00e8s au compte Facebook (cette application)<\/li>\n<\/ul>\n<p>Ce service permet \u00e0 cette application de se connecter au compte de l'utilisateur sur le r\u00e9seau social Facebook, fourni par Facebook, Inc. Permissions demand\u00e9es : Courriel de contact. Lieu de traitement : \u00c9tats-Unis -\u00a0<a href=\"https:\/\/www.facebook.com\/policy.php\" target=\"_blank\" rel=\"noopener\">Politique de confidentialit\u00e9<\/a>.<\/p>\n<ul>\n<li>Bouton Google+ +1 et widgets sociaux (Google LLC)<\/li>\n<\/ul>\n<p>Le bouton Google+ +1 et les widgets sociaux sont des services permettant d'interagir avec le r\u00e9seau social Google+ fourni par Google LLC. Donn\u00e9es personnelles collect\u00e9es : Cookies et donn\u00e9es d'utilisation. Lieu de traitement : \u00c9tats-Unis -\u00a0<a href=\"https:\/\/policies.google.com\/privacy\" target=\"_blank\" rel=\"noopener\">Politique de confidentialit\u00e9<\/a>.<\/p>\n<ul>\n<li>Bouton Twitter Tweet et widgets sociaux (Twitter, Inc.)<\/li>\n<\/ul>\n<p>Le bouton Twitter Tweet et les widgets sociaux sont des services permettant d'interagir avec le r\u00e9seau social Twitter fourni par Twitter, Inc. Donn\u00e9es personnelles collect\u00e9es : Cookies et donn\u00e9es d'utilisation. Lieu de traitement : \u00c9tats-Unis -\u00a0<a href=\"https:\/\/twitter.com\/privacy\" target=\"_blank\" rel=\"noopener\">Politique de confidentialit\u00e9<\/a>.<\/p>\n<ul>\n<li>Bouton \"Pin it\" de Pinterest et widgets sociaux (Pinterest)<\/li>\n<\/ul>\n<p>Le bouton \"Pin it\" de Pinterest et les widgets sociaux sont des services permettant d'interagir avec la plateforme Pinterest fournie par Pinterest Inc. Donn\u00e9es \u00e0 caract\u00e8re personnel collect\u00e9es : Cookies et Donn\u00e9es d'utilisation. Lieu de traitement : \u00c9tats-Unis -\u00a0<a href=\"https:\/\/about.pinterest.com\/en\/privacy-policy\" target=\"_blank\" rel=\"noopener\">Politique de confidentialit\u00e9<\/a>.<\/p>\n<ul>\n<li>Formulaire de contact (cette application)<\/li>\n<\/ul>\n<p>En remplissant le formulaire de contact avec ses Donn\u00e9es, l'Utilisateur autorise cette Application \u00e0 utiliser ces donn\u00e9es pour r\u00e9pondre aux demandes d'information, de devis ou \u00e0 tout autre type de demande tel qu'indiqu\u00e9 par l'en-t\u00eate du formulaire. Donn\u00e9es personnelles collect\u00e9es : adresse \u00e9lectronique, pr\u00e9nom, nom et num\u00e9ro de t\u00e9l\u00e9phone.<\/p>\n<ul>\n<li>PayPal<\/li>\n<\/ul>\n<p>Nous acceptons les paiements par l'interm\u00e9diaire de PayPal. Lors du traitement des paiements, certaines de vos donn\u00e9es seront transmises \u00e0 PayPal, y compris les informations n\u00e9cessaires au traitement ou \u00e0 la prise en charge du paiement, telles que le montant total de l'achat et les informations de facturation.<\/p>\n<p>Veuillez consulter la page PayPal\u00a0<a href=\"https:\/\/www.paypal.com\/au\/webapps\/mpp\/ua\/privacy-full\" target=\"_blank\" rel=\"noopener\">Politique de confidentialit\u00e9<\/a>\u00a0pour plus de d\u00e9tails.<\/p>\n<p>Liens vers d'autres sites<\/p>\n<p>Notre service peut contenir des liens vers d'autres sites qui ne sont pas exploit\u00e9s par nous. Si vous cliquez sur le lien d'un tiers, vous serez dirig\u00e9 vers le site de ce tiers. Nous vous conseillons vivement de consulter la politique de confidentialit\u00e9 de chaque site que vous visitez.<\/p>\n<p>Nous n'avons aucun contr\u00f4le et n'assumons aucune responsabilit\u00e9 quant au contenu, aux politiques de confidentialit\u00e9 ou aux pratiques des sites ou services tiers.<\/p>\n<p>Vie priv\u00e9e des enfants<\/p>\n<p>Notre service ne s'adresse pas aux personnes \u00e2g\u00e9es de moins de 18 ans (\"enfants\").<\/p>\n<p>Nous ne collectons pas sciemment d'informations personnellement identifiables aupr\u00e8s de personnes \u00e2g\u00e9es de moins de 18 ans. Si vous \u00eates un parent ou un tuteur et que vous savez que votre enfant nous a fourni des donn\u00e9es personnelles, veuillez nous contacter. Si nous apprenons que nous avons collect\u00e9 des donn\u00e9es personnelles aupr\u00e8s d'enfants sans v\u00e9rification du consentement parental, nous prenons des mesures pour supprimer ces informations de nos serveurs.<\/p>\n<p>Modifications de la pr\u00e9sente politique de confidentialit\u00e9<\/p>\n<p>Nous pouvons mettre \u00e0 jour notre politique de confidentialit\u00e9 de temps \u00e0 autre. Nous vous informerons de toute modification en publiant la nouvelle politique de confidentialit\u00e9 sur cette page.<\/p>\n<p>Nous vous en informerons par courrier \u00e9lectronique et\/ou par un avis bien visible sur notre service, avant que la modification n'entre en vigueur et nous mettrons \u00e0 jour la \"date d'entr\u00e9e en vigueur\" en haut de la pr\u00e9sente politique de confidentialit\u00e9.<\/p>\n<p>Nous vous conseillons de consulter r\u00e9guli\u00e8rement la pr\u00e9sente politique de confidentialit\u00e9 afin de prendre connaissance des \u00e9ventuelles modifications. Les modifications apport\u00e9es \u00e0 la pr\u00e9sente politique de protection de la vie priv\u00e9e entrent en vigueur au moment o\u00f9 elles sont publi\u00e9es sur cette page.<\/p>\n<p>Nous contacter<\/p>\n<p>Si vous avez des questions concernant cette politique de confidentialit\u00e9, veuillez nous contacter :<\/p>\n<ul>\n<li>Par formulaire de contact :\u00a0<a href=\"\/contact-faqs\/\">Contact<\/a><\/li>\n<\/ul>\t\t\t\t\t\t\t\t<\/div>\n\t\t\t\t<\/div>\n\t\t\t\t\t<\/div>\n\t\t<\/div>\n\t\t\t\t\t<\/div>\n\t\t<\/section>\n\t\t\t\t<\/div>","protected":false},"excerpt":{"rendered":"<p>Fortunos (\"nous\", \"nous\" ou \"notre\") exploite le site web https:\/\/fortunascooter.com (le \"Service\") en tant que moteur de r\u00e9servation. Cette page vous informe de nos politiques concernant la collecte, l'utilisation et la divulgation des donn\u00e9es personnelles lorsque vous utilisez notre Service et les choix que vous...<\/p>","protected":false},"author":1,"featured_media":0,"parent":0,"menu_order":0,"comment_status":"closed","ping_status":"open","template":"","meta":{"footnotes":""},"class_list":["post-3","page","type-page","status-publish","hentry"],"_links":{"self":[{"href":"https:\/\/fortunascooter.com\/fr\/wp-json\/wp\/v2\/pages\/3","targetHints":{"allow":["GET"]}}],"collection":[{"href":"https:\/\/fortunascooter.com\/fr\/wp-json\/wp\/v2\/pages"}],"about":[{"href":"https:\/\/fortunascooter.com\/fr\/wp-json\/wp\/v2\/types\/page"}],"author":[{"embeddable":true,"href":"https:\/\/fortunascooter.com\/fr\/wp-json\/wp\/v2\/users\/1"}],"replies":[{"embeddable":true,"href":"https:\/\/fortunascooter.com\/fr\/wp-json\/wp\/v2\/comments?post=3"}],"version-history":[{"count":3,"href":"https:\/\/fortunascooter.com\/fr\/wp-json\/wp\/v2\/pages\/3\/revisions"}],"predecessor-version":[{"id":10360,"href":"https:\/\/fortunascooter.com\/fr\/wp-json\/wp\/v2\/pages\/3\/revisions\/10360"}],"wp:attachment":[{"href":"https:\/\/fortunascooter.com\/fr\/wp-json\/wp\/v2\/media?parent=3"}],"curies":[{"name":"wp","href":"https:\/\/api.w.org\/{rel}","templated":true}]}}