{"id":3,"date":"2021-03-06T13:45:21","date_gmt":"2021-03-06T13:45:21","guid":{"rendered":"https:\/\/fortunascooter.com\/?page_id=3"},"modified":"2025-05-09T18:25:21","modified_gmt":"2025-05-09T15:25:21","slug":"privacy-policy","status":"publish","type":"page","link":"https:\/\/fortunascooter.com\/de\/privacy-policy\/","title":{"rendered":"Datenschutzbestimmungen"},"content":{"rendered":"<div data-elementor-type=\"wp-page\" data-elementor-id=\"3\" class=\"elementor elementor-3\" data-elementor-post-type=\"page\">\n\t\t\t\t\t\t<section class=\"elementor-section elementor-top-section elementor-element elementor-element-58cbe47d elementor-section-boxed elementor-section-height-default elementor-section-height-default\" data-id=\"58cbe47d\" data-element_type=\"section\" data-e-type=\"section\">\n\t\t\t\t\t\t<div class=\"elementor-container elementor-column-gap-default\">\n\t\t\t\t\t<div class=\"elementor-column elementor-col-100 elementor-top-column elementor-element elementor-element-2b4392d9\" data-id=\"2b4392d9\" data-element_type=\"column\" data-e-type=\"column\">\n\t\t\t<div class=\"elementor-widget-wrap elementor-element-populated\">\n\t\t\t\t\t\t<div class=\"elementor-element elementor-element-633eb67 elementor-widget elementor-widget-text-editor\" data-id=\"633eb67\" data-element_type=\"widget\" data-e-type=\"widget\" data-widget_type=\"text-editor.default\">\n\t\t\t\t<div class=\"elementor-widget-container\">\n\t\t\t\t\t\t\t\t\t<p>Fortunos (\"wir\", \"wir\" oder \"unser\") betreibt die Website https:\/\/fortunascooter.com (der \"Service\") als Buchungsmaschine.<\/p>\n<p>Diese Seite informiert Sie \u00fcber unsere Richtlinien bez\u00fcglich der Erfassung, Verwendung und Weitergabe pers\u00f6nlicher Daten, wenn Sie unseren Service nutzen, sowie \u00fcber die Wahlm\u00f6glichkeiten, die Sie im Zusammenhang mit diesen Daten haben.<\/p>\n<p>Wir verwenden Ihre Daten zur Bereitstellung und Verbesserung des Dienstes. Durch die Nutzung des Dienstes erkl\u00e4ren Sie sich mit der Erfassung und Verwendung von Daten in \u00dcbereinstimmung mit dieser Richtlinie einverstanden. Sofern in dieser Datenschutzrichtlinie nicht anders definiert, haben die in dieser Datenschutzrichtlinie verwendeten Begriffe dieselbe Bedeutung wie in unseren Allgemeinen Gesch\u00e4ftsbedingungen, die unter www.fortunascooter.com abrufbar sind.<\/p>\n<p>Sammlung und Verwendung von Informationen<\/p>\n<p>Wir sammeln verschiedene Arten von Informationen zu unterschiedlichen Zwecken, um unseren Service f\u00fcr Sie bereitzustellen und zu verbessern.<\/p>\n<p>Arten von gesammelten Daten<\/p>\n<p>Pers\u00f6nliche Daten<\/p>\n<p>Bei der Nutzung unseres Dienstes k\u00f6nnen wir Sie bitten, uns bestimmte personenbezogene Daten mitzuteilen, die dazu verwendet werden k\u00f6nnen, Sie zu kontaktieren oder zu identifizieren (\"personenbezogene Daten\"). Pers\u00f6nlich identifizierbare Daten k\u00f6nnen unter anderem sein:<\/p>\n<ul>\n<li>E-Mail Adresse<\/li>\n<li>Vorname und Nachname<\/li>\n<li>Adresse, Bundesland, Provinz, Postleitzahl, Ort<\/li>\n<li>Cookies und Nutzungsdaten<\/li>\n<\/ul>\n<p>Verwendungsdaten<\/p>\n<p>Wir k\u00f6nnen auch Informationen dar\u00fcber sammeln, wie auf den Dienst zugegriffen wird und wie er genutzt wird (\"Nutzungsdaten\"). Diese Nutzungsdaten k\u00f6nnen Informationen wie die Internetprotokolladresse Ihres Computers (z. B. IP-Adresse), den Browsertyp, die Browserversion, die von Ihnen besuchten Seiten unseres Dienstes, die Uhrzeit und das Datum Ihres Besuchs, die auf diesen Seiten verbrachte Zeit, eindeutige Ger\u00e4tekennungen und andere Diagnosedaten umfassen.<\/p>\n<p>Tracking &amp; Cookies Daten<\/p>\n<p>Wir verwenden Cookies und \u00e4hnliche Tracking-Technologien, um die Aktivit\u00e4ten in unserem Service zu verfolgen und bestimmte Informationen zu speichern.<\/p>\n<p>Cookies sind Dateien mit kleinen Datenmengen, die einen anonymen eindeutigen Identifikator enthalten k\u00f6nnen. Cookies werden von einer Website an Ihren Browser gesendet und auf Ihrem Ger\u00e4t gespeichert. Tracking-Technologien, die ebenfalls verwendet werden, sind Beacons, Tags und Skripte, um Informationen zu sammeln und zu verfolgen und um unseren Service zu verbessern und zu analysieren.<\/p>\n<p>Sie k\u00f6nnen Ihren Browser so einstellen, dass alle Cookies abgelehnt werden oder dass er anzeigt, wenn ein Cookie gesendet wird. Wenn Sie jedoch keine Cookies akzeptieren, k\u00f6nnen Sie m\u00f6glicherweise einige Teile unseres Dienstes nicht nutzen.<\/p>\n<p>Beispiele f\u00fcr von uns verwendete Cookies:<\/p>\n<ul>\n<li>Sitzungs-Cookies. Wir verwenden Sitzungs-Cookies, um unseren Dienst zu betreiben.<\/li>\n<li>Pr\u00e4ferenz-Cookies. Wir verwenden Pr\u00e4ferenz-Cookies, um Ihre Pr\u00e4ferenzen und verschiedene Einstellungen zu speichern.<\/li>\n<li>Sicherheits-Cookies. Wir verwenden Sicherheits-Cookies f\u00fcr Sicherheitszwecke.<\/li>\n<\/ul>\n<p>Verwendung von Daten<\/p>\n<p>Fortunos verwendet die gesammelten Daten f\u00fcr verschiedene Zwecke:<\/p>\n<ul>\n<li>Zur Bereitstellung und Aufrechterhaltung des Dienstes<\/li>\n<li>Um Sie \u00fcber \u00c4nderungen an unserem Service zu informieren<\/li>\n<li>Um Ihnen die Teilnahme an interaktiven Funktionen unseres Dienstes zu erm\u00f6glichen, wenn Sie dies w\u00fcnschen<\/li>\n<li>Kundenbetreuung und -unterst\u00fctzung<\/li>\n<li>Um Analysen oder wertvolle Informationen zu liefern, damit wir den Service verbessern k\u00f6nnen<\/li>\n<li>Um die Nutzung des Dienstes zu \u00fcberwachen<\/li>\n<li>Erkennen, Vorbeugen und Beheben technischer Probleme<\/li>\n<\/ul>\n<p>Wer in unserem Team hat Zugang<\/p>\n<p>Die Mitglieder unseres Teams haben Zugang zu den Informationen, die Sie uns zur Verf\u00fcgung stellen. Zum Beispiel k\u00f6nnen sowohl Administratoren als auch Shop-Manager darauf zugreifen: Bestellinformationen, z. B. was gekauft wurde, wann es gekauft wurde und wohin es geschickt werden soll, und Kundeninformationen, z. B. Ihren Namen, Ihre E-Mail-Adresse sowie Rechnungs- und Versandinformationen. Unsere Teammitglieder haben Zugriff auf diese Informationen, um Bestellungen auszuf\u00fchren, R\u00fcckerstattungen zu bearbeiten und Sie zu unterst\u00fctzen.<\/p>\n<p>\u00dcbertragung von Daten<\/p>\n<p>Ihre Informationen, einschlie\u00dflich personenbezogener Daten, k\u00f6nnen an Computer au\u00dferhalb Ihres Staates, Ihrer Provinz, Ihres Landes oder anderer staatlicher Zust\u00e4ndigkeitsbereiche, in denen andere Datenschutzgesetze als in Ihrem Zust\u00e4ndigkeitsbereich gelten, \u00fcbertragen und dort gespeichert werden.<\/p>\n<p>Wenn Sie sich au\u00dferhalb Litauens befinden und sich daf\u00fcr entscheiden, uns Informationen zu \u00fcbermitteln, beachten Sie bitte, dass wir die Daten, einschlie\u00dflich personenbezogener Daten, nach Litauen \u00fcbertragen und sie dort verarbeiten.<\/p>\n<p>Mit Ihrer Zustimmung zu dieser Datenschutzrichtlinie und der anschlie\u00dfenden \u00dcbermittlung solcher Informationen erkl\u00e4ren Sie sich mit dieser \u00dcbertragung einverstanden.<\/p>\n<p>Fortunos wird alle angemessenen Schritte unternehmen, um sicherzustellen, dass Ihre Daten sicher und in \u00dcbereinstimmung mit dieser Datenschutzrichtlinie behandelt werden, und es wird keine \u00dcbermittlung Ihrer pers\u00f6nlichen Daten an eine Organisation oder ein Land stattfinden, es sei denn, es sind angemessene Kontrollen vorhanden, die die Sicherheit Ihrer Daten und anderer pers\u00f6nlicher Informationen beinhalten.<\/p>\n<p>Offenlegung von Daten<\/p>\n<p>Rechtliche Anforderungen<\/p>\n<p>Fortunos kann Ihre pers\u00f6nlichen Daten in gutem Glauben offenlegen, dass eine solche Ma\u00dfnahme notwendig ist, um:<\/p>\n<ul>\n<li>Um einer gesetzlichen Verpflichtung nachzukommen<\/li>\n<li>Zum Schutz und zur Verteidigung der Rechte und des Eigentums von Fortunos\u00a0<\/li>\n<li>Um m\u00f6gliches Fehlverhalten im Zusammenhang mit dem Dienst zu verhindern oder zu untersuchen<\/li>\n<li>Zum Schutz der pers\u00f6nlichen Sicherheit von Nutzern des Dienstes oder der \u00d6ffentlichkeit<\/li>\n<li>Zum Schutz vor rechtlicher Haftung<\/li>\n<\/ul>\n<p>Sicherheit der Daten<\/p>\n<p>Die Sicherheit Ihrer Daten ist uns wichtig, aber denken Sie daran, dass keine Methode der \u00dcbertragung \u00fcber das Internet oder der elektronischen Speicherung 100% sicher ist. Obwohl wir uns bem\u00fchen, kommerziell akzeptable Mittel zum Schutz Ihrer pers\u00f6nlichen Daten einzusetzen, k\u00f6nnen wir deren absolute Sicherheit nicht garantieren.<\/p>\n<p>Anbieter von Dienstleistungen<\/p>\n<p>Wir k\u00f6nnen Drittunternehmen und Einzelpersonen damit beauftragen, unseren Dienst zu erleichtern (\"Dienstanbieter\"), den Dienst in unserem Namen bereitzustellen, dienstbezogene Dienste zu erbringen oder uns bei der Analyse der Nutzung unseres Dienstes zu unterst\u00fctzen.<\/p>\n<p>Diese Dritten haben nur Zugang zu Ihren pers\u00f6nlichen Daten, um diese Aufgaben in unserem Auftrag zu erf\u00fcllen, und sind verpflichtet, sie nicht weiterzugeben oder f\u00fcr andere Zwecke zu verwenden.<\/p>\n<p>Analytik<\/p>\n<p>Wir k\u00f6nnen Drittanbieter einsetzen, um die Nutzung unseres Dienstes zu \u00fcberwachen und zu analysieren.<\/p>\n<ul>\n<li>Google AnalyticsGoogle Analytics ist ein von Google angebotener Webanalysedienst, der den Website-Verkehr verfolgt und berichtet. Google verwendet die erfassten Daten, um die Nutzung unseres Dienstes zu verfolgen und zu \u00fcberwachen. Diese Daten werden mit anderen Google-Diensten geteilt. Google kann die gesammelten Daten verwenden, um die Anzeigen des eigenen Werbenetzwerks zu kontextualisieren und zu personalisieren.Sie k\u00f6nnen sich dagegen wehren, dass Ihre Aktivit\u00e4ten auf dem Service Google Analytics zur Verf\u00fcgung gestellt werden, indem Sie das Browser-Add-on Google Analytics opt-out installieren. Das Add-on verhindert, dass das Google Analytics-JavaScript (ga.js, analytics.js und dc.js) Informationen \u00fcber die Besuchsaktivit\u00e4t an Google Analytics weitergibt.Weitere Informationen zu den Datenschutzpraktiken von Google finden Sie auf der Webseite Datenschutz und Nutzungsbedingungen von Google:\u00a0<a href=\"https:\/\/policies.google.com\/privacy?hl=en\" target=\"_blank\" rel=\"noopener\">https:\/\/policies.google.com\/privacy?hl=en<\/a><\/li>\n<\/ul>\n<p>Interaktion mit externen sozialen Netzwerken und Plattformen<\/p>\n<p>Diese Art von Dienst erm\u00f6glicht die Interaktion mit sozialen Netzwerken oder anderen externen Plattformen direkt von den Seiten dieser Anwendung aus.<br \/>Die Interaktion und die \u00fcber diese Anwendung erhaltenen Informationen unterliegen immer den Datenschutzeinstellungen des Nutzers f\u00fcr jedes soziale Netzwerk.<br \/>Diese Art von Dienst kann weiterhin Verkehrsdaten f\u00fcr die Seiten sammeln, auf denen der Dienst installiert ist, auch wenn die Nutzer ihn nicht nutzen.<\/p>\n<ul>\n<li>Facebook-Like-Schaltfl\u00e4che und soziale Widgets (Facebook, Inc.)<\/li>\n<\/ul>\n<p>Die Facebook-Like-Schaltfl\u00e4che und die sozialen Widgets sind Dienste, die eine Interaktion mit dem sozialen Netzwerk Facebook erm\u00f6glichen und von der Facebook, Inc. Erfasste personenbezogene Daten: Cookies und Nutzungsdaten. Ort der Verarbeitung: Vereinigte Staaten -\u00a0<a href=\"https:\/\/www.facebook.com\/privacy\/explanation\" target=\"_blank\" rel=\"noopener\">Datenschutzbestimmungen<\/a>. Teilnehmer am Privacy Shield.<\/p>\n<ul>\n<li>Zugang zum Facebook-Konto (diese Anwendung)<\/li>\n<\/ul>\n<p>Dieser Dienst erm\u00f6glicht es dieser Anwendung, sich mit dem Konto des Nutzers im sozialen Netzwerk Facebook zu verbinden, das von Facebook, Inc. bereitgestellt wird. Erlaubnis erforderlich: Kontakt-E-Mail. Ort der Verarbeitung: Vereinigte Staaten -\u00a0<a href=\"https:\/\/www.facebook.com\/policy.php\" target=\"_blank\" rel=\"noopener\">Datenschutzbestimmungen<\/a>.<\/p>\n<ul>\n<li>Google+ +1-Schaltfl\u00e4che und soziale Widgets (Google LLC)<\/li>\n<\/ul>\n<p>Die Google+ +1-Schaltfl\u00e4che und die sozialen Widgets sind Dienste, die eine Interaktion mit dem sozialen Netzwerk Google+ erm\u00f6glichen, das von Google LLC bereitgestellt wird. Erfasste personenbezogene Daten: Cookies und Nutzungsdaten. Ort der Verarbeitung: Vereinigte Staaten.\u00a0<a href=\"https:\/\/policies.google.com\/privacy\" target=\"_blank\" rel=\"noopener\">Datenschutzbestimmungen<\/a>.<\/p>\n<ul>\n<li>Twitter Tweet-Schaltfl\u00e4che und soziale Widgets (Twitter, Inc.)<\/li>\n<\/ul>\n<p>Die Twitter Tweet-Schaltfl\u00e4che und die sozialen Widgets sind Dienste, die eine Interaktion mit dem sozialen Netzwerk Twitter erm\u00f6glichen und von Twitter, Inc. bereitgestellt werden. Erfasste personenbezogene Daten: Cookies und Nutzungsdaten. Ort der Verarbeitung: Vereinigte Staaten -\u00a0<a href=\"https:\/\/twitter.com\/privacy\" target=\"_blank\" rel=\"noopener\">Datenschutzbestimmungen<\/a>.<\/p>\n<ul>\n<li>Pinterest \"Pin it\"-Schaltfl\u00e4che und soziale Widgets (Pinterest)<\/li>\n<\/ul>\n<p>Die Pinterest-Schaltfl\u00e4che \"Pin it\" und soziale Widgets sind Dienste, die eine Interaktion mit der Pinterest-Plattform erm\u00f6glichen und von der Pinterest Inc. bereitgestellt werden. Erfasste personenbezogene Daten: Cookies und Nutzungsdaten. Ort der Verarbeitung: Vereinigte Staaten.\u00a0<a href=\"https:\/\/about.pinterest.com\/en\/privacy-policy\" target=\"_blank\" rel=\"noopener\">Datenschutzbestimmungen<\/a>.<\/p>\n<ul>\n<li>Kontaktformular (diese Anwendung)<\/li>\n<\/ul>\n<p>Durch das Ausf\u00fcllen des Kontaktformulars mit seinen Daten erm\u00e4chtigt der Nutzer diese Anwendung, diese Daten zu verwenden, um auf Anfragen nach Informationen, Angeboten oder anderen Anfragen zu antworten, wie in der Kopfzeile des Formulars angegeben. Erfasste personenbezogene Daten: E-Mail-Adresse, Vorname, Nachname und Telefonnummer.<\/p>\n<ul>\n<li>PayPal<\/li>\n<\/ul>\n<p>Wir akzeptieren Zahlungen \u00fcber PayPal. Bei der Verarbeitung von Zahlungen werden einige Ihrer Daten an PayPal weitergegeben, einschlie\u00dflich Informationen, die f\u00fcr die Verarbeitung oder Unterst\u00fctzung der Zahlung erforderlich sind, wie z. B. die Kaufsumme und die Rechnungsinformationen.<\/p>\n<p>Bitte beachten Sie die PayPal\u00a0<a href=\"https:\/\/www.paypal.com\/au\/webapps\/mpp\/ua\/privacy-full\" target=\"_blank\" rel=\"noopener\">Datenschutzbestimmungen<\/a>\u00a0f\u00fcr weitere Einzelheiten.<\/p>\n<p>Links zu anderen Websites<\/p>\n<p>Unser Service kann Links zu anderen Websites enthalten, die nicht von uns betrieben werden. Wenn Sie auf einen Link einer dritten Partei klicken, werden Sie auf die Seite dieser dritten Partei weitergeleitet. Wir empfehlen Ihnen dringend, die Datenschutzrichtlinien jeder Seite, die Sie besuchen, zu lesen.<\/p>\n<p>Wir haben keine Kontrolle \u00fcber und \u00fcbernehmen keine Verantwortung f\u00fcr den Inhalt, die Datenschutzrichtlinien oder Praktiken von Websites oder Diensten Dritter.<\/p>\n<p>Datenschutz f\u00fcr Kinder<\/p>\n<p>Unser Service richtet sich nicht an Personen unter 18 Jahren (\"Kinder\").<\/p>\n<p>Wir sammeln nicht wissentlich personenbezogene Daten von Personen unter 18 Jahren. Wenn Sie ein Elternteil oder Erziehungsberechtigter sind und wissen, dass Ihr Kind uns personenbezogene Daten zur Verf\u00fcgung gestellt hat, kontaktieren Sie uns bitte. Wenn wir erfahren, dass wir personenbezogene Daten von Kindern ohne \u00dcberpr\u00fcfung der elterlichen Zustimmung erfasst haben, ergreifen wir Ma\u00dfnahmen, um diese Daten von unseren Servern zu entfernen.<\/p>\n<p>\u00c4nderungen an dieser Datenschutzrichtlinie<\/p>\n<p>Wir k\u00f6nnen unsere Datenschutzrichtlinie von Zeit zu Zeit aktualisieren. Wir werden Sie \u00fcber alle \u00c4nderungen informieren, indem wir die neue Datenschutzrichtlinie auf dieser Seite ver\u00f6ffentlichen.<\/p>\n<p>Wir informieren Sie per E-Mail und\/oder durch einen auff\u00e4lligen Hinweis in unserem Service, bevor die \u00c4nderung in Kraft tritt, und aktualisieren das \"Datum des Inkrafttretens\" oben in dieser Datenschutzrichtlinie.<\/p>\n<p>Wir empfehlen Ihnen, diese Datenschutzrichtlinie regelm\u00e4\u00dfig auf \u00c4nderungen zu \u00fcberpr\u00fcfen. \u00c4nderungen an dieser Datenschutzrichtlinie werden wirksam, wenn sie auf dieser Seite ver\u00f6ffentlicht werden.<\/p>\n<p>Kontakt<\/p>\n<p>Wenn Sie Fragen zu dieser Datenschutzrichtlinie haben, wenden Sie sich bitte an uns:<\/p>\n<ul>\n<li>Per Kontaktformular:\u00a0<a href=\"\/contact-faqs\/\">Kontakt<\/a><\/li>\n<\/ul>\t\t\t\t\t\t\t\t<\/div>\n\t\t\t\t<\/div>\n\t\t\t\t\t<\/div>\n\t\t<\/div>\n\t\t\t\t\t<\/div>\n\t\t<\/section>\n\t\t\t\t<\/div>","protected":false},"excerpt":{"rendered":"<p>Fortunos (\"wir\", \"wir\" oder \"unser\") betreibt die Website https:\/\/fortunascooter.com (der \"Dienst\") als Buchungsmaschine. Diese Seite informiert Sie \u00fcber unsere Richtlinien bez\u00fcglich der Sammlung, Verwendung und Weitergabe von pers\u00f6nlichen Daten, wenn Sie unseren Service nutzen, sowie \u00fcber die...<\/p>","protected":false},"author":1,"featured_media":0,"parent":0,"menu_order":0,"comment_status":"closed","ping_status":"open","template":"","meta":{"footnotes":""},"class_list":["post-3","page","type-page","status-publish","hentry"],"_links":{"self":[{"href":"https:\/\/fortunascooter.com\/de\/wp-json\/wp\/v2\/pages\/3","targetHints":{"allow":["GET"]}}],"collection":[{"href":"https:\/\/fortunascooter.com\/de\/wp-json\/wp\/v2\/pages"}],"about":[{"href":"https:\/\/fortunascooter.com\/de\/wp-json\/wp\/v2\/types\/page"}],"author":[{"embeddable":true,"href":"https:\/\/fortunascooter.com\/de\/wp-json\/wp\/v2\/users\/1"}],"replies":[{"embeddable":true,"href":"https:\/\/fortunascooter.com\/de\/wp-json\/wp\/v2\/comments?post=3"}],"version-history":[{"count":3,"href":"https:\/\/fortunascooter.com\/de\/wp-json\/wp\/v2\/pages\/3\/revisions"}],"predecessor-version":[{"id":10360,"href":"https:\/\/fortunascooter.com\/de\/wp-json\/wp\/v2\/pages\/3\/revisions\/10360"}],"wp:attachment":[{"href":"https:\/\/fortunascooter.com\/de\/wp-json\/wp\/v2\/media?parent=3"}],"curies":[{"name":"wp","href":"https:\/\/api.w.org\/{rel}","templated":true}]}}